{"id":1120,"date":"2024-12-05T11:58:36","date_gmt":"2024-12-05T11:58:36","guid":{"rendered":"https:\/\/staging.ace-cae.eu\/?page_id=1120"},"modified":"2025-09-03T15:02:56","modified_gmt":"2025-09-03T13:02:56","slug":"in-the-press","status":"publish","type":"page","link":"https:\/\/staging.ace-cae.eu\/cs\/in-the-press\/","title":{"rendered":"In the press"},"content":{"rendered":"<div class=\"ace-section ace-section-in-the-presses wp-block-ace-articles\">\n    \n<h1>ACE v tisku<\/h1>\n<div class=\"ace-articles\">\n    <div class=\"ace-articles-list\" data-article=\"0\">\n                            \r\n<a class=\"ace-article ace-article-news\" href=\"https:\/\/www.canadianarchitect.com\/op-ed-new-agreements-between-canada-and-the-eu-provide-canadian-architects-new-business-opportunities\/\">\r\n            <img decoding=\"async\" src=\"https:\/\/staging.ace-cae.eu\/wp-content\/uploads\/2025\/06\/ce026775543361fe4b4c37579ad51315362589ec347f3460af9d6d6f4a85b260-716x534.jpg\" alt=\"\" \/>\r\n        <div class=\"ace-article-info\">\r\n                <p>New Agreements Between Canada and the EU Provide Canadian Architects New Business Opportunities_ Canadian Architect<\/p>\r\n        <p>Agreements between Canada and the EU means Canadian architects need to build new global relationships.<\/p>\r\n        <p>June 25, 2025<\/p>\r\n    <\/div>\r\n<\/a>                    \r\n<a class=\"ace-article ace-article-news\" href=\"https:\/\/cities.newstank.fr\/article\/view\/402635\/qualite-durabilite-equite-politique-europeenne-habitat-millet-r-schagemann.html\">\r\n            <img decoding=\"async\" src=\"https:\/\/staging.ace-cae.eu\/wp-content\/uploads\/2025\/06\/Capture-decran-2025-06-25-a-14.03.11.png\" alt=\"\" \/>\r\n        <div class=\"ace-article-info\">\r\n                <p>Building a Better Future: CNOA and ACE Call for a European Habitat Policy_ News Tank Cities<\/p>\r\n        <p>Qualit\u00e9, durabilit\u00e9, \u00e9quit\u00e9 : pour une politique europ\u00e9enne de l\u2019habitat (C. Millet et R. Schagemann)<\/p>\r\n        <p>June 25, 2025<\/p>\r\n    <\/div>\r\n<\/a>                    \r\n<a class=\"ace-article ace-article-news\" href=\"https:\/\/delano.lu\/article\/the-oai-turns-35-and-adopts-a-declaration-on-public-procurement\">\r\n            <img decoding=\"async\" src=\"https:\/\/staging.ace-cae.eu\/wp-content\/uploads\/2025\/05\/Capture-decran-2025-05-19-a-14.15.47-716x534.png\" alt=\"\" \/>\r\n        <div class=\"ace-article-info\">\r\n                <p>The OAI turns 35 and adopts a declaration on public procurement- DELANO<\/p>\r\n        <p>The Order of Architects and Consulting Engineers celebrated its 35th anniversary on 15 May. To<\/p>\r\n        <p>May 19, 2025<\/p>\r\n    <\/div>\r\n<\/a>                    \r\n<a class=\"ace-article ace-article-news\" href=\"https:\/\/immobilier.lefigaro.fr\/article\/les-architectes-francais-gagnent-moins-que-leurs-confreres-chypriotes-ou-polonais-voici-ce-qu-ils-touchent-20250421\/\">\r\n            <img decoding=\"async\" src=\"https:\/\/staging.ace-cae.eu\/wp-content\/uploads\/2025\/05\/poc-716x534.jpg\" alt=\"\" \/>\r\n        <div class=\"ace-article-info\">\r\n                <p>Les architectes fran\u00e7ais gagnent moins que leurs confr\u00e8res chypriotes ou Polonais, voici ce qu\u2019ils touchent- Le Figaro<\/p>\r\n        <p><\/p>\r\n        <p>May 8, 2025<\/p>\r\n    <\/div>\r\n<\/a>                    \r\n<a class=\"ace-article ace-article-news\" href=\"https:\/\/www.espazium.ch\/fr\/actualites\/les-concours-darchitecture-en-europe-vus-depuis-la-france\">\r\n            <img decoding=\"async\" src=\"https:\/\/staging.ace-cae.eu\/wp-content\/uploads\/2025\/04\/Capture-decran-2025-04-28-a-11.03.59.png\" alt=\"\" \/>\r\n        <div class=\"ace-article-info\">\r\n                <p>Les con\u00adcours d\u2019ar\u00adchi\u00adtec\u00adture en Eu\u00adrope\u2026 vus de\u00adpuis la France- Espazium CH<\/p>\r\n        <p><\/p>\r\n        <p>April 28, 2025<\/p>\r\n    <\/div>\r\n<\/a>                    \r\n<a class=\"ace-article ace-article-news\" href=\"https:\/\/www.batiactu.com\/edito\/architecte-ce-que-revelent-chiffres-profession-europe-71128.php\">\r\n            <img decoding=\"async\" src=\"https:\/\/staging.ace-cae.eu\/wp-content\/uploads\/2025\/04\/Capture-decran-2025-04-28-a-11.02.01.png\" alt=\"\" \/>\r\n        <div class=\"ace-article-info\">\r\n                <p>Chiffre d&#8217;affaires, salaires\u00a0: les revenus des architectes europ\u00e9ens pass\u00e9s au crible &#8211; Bati Actu<\/p>\r\n        <p><\/p>\r\n        <p>April 28, 2025<\/p>\r\n    <\/div>\r\n<\/a>                    \r\n<a class=\"ace-article ace-article-news\" href=\"https:\/\/www.politico.eu\/article\/donald-trump-europe-accidental-city-builder-environment-architecture-urban\/\">\r\n            <img decoding=\"async\" src=\"https:\/\/staging.ace-cae.eu\/wp-content\/uploads\/2025\/04\/Capture-decran-2025-04-28-a-10.58.38-716x534.png\" alt=\"\" \/>\r\n        <div class=\"ace-article-info\">\r\n                <p>Why Trump could be Europe&#8217;s accidental city-builder &#8211; Politico<\/p>\r\n        <p><\/p>\r\n        <p>April 28, 2025<\/p>\r\n    <\/div>\r\n<\/a>                    \r\n<a class=\"ace-article ace-article-news\" href=\"https:\/\/www.swiss-architects.com\/de\/architektur-news\/fundstucke\/arbeiten-an-der-bauwende\">\r\n            <img decoding=\"async\" src=\"https:\/\/staging.ace-cae.eu\/wp-content\/uploads\/2025\/04\/Capture-decran-2025-04-28-a-10.53.54-1.png\" alt=\"\" \/>\r\n        <div class=\"ace-article-info\">\r\n                <p>Arbeiten an der Bauwende- Swiss Architects Magazine<\/p>\r\n        <p>Mit dem Architekturprofessor Arno Brandlhuber und Saba Meidany, dem Leiter des Fellowship-Programms der Holcim Foundation,<\/p>\r\n        <p>April 28, 2025<\/p>\r\n    <\/div>\r\n<\/a>                    <\/div>\n    <nav class=\"ace-articles-nav\">\n        <a href=\"#\" class=\"ace-nav-prev\"><\/a>\n        <a href=\"#\" class=\"ace-nav-next\"><\/a>\n    <\/nav>\n<\/div>\n            <div class=\"ace-section-actions\">\n                                                                <button\n                        class=\"ace-load-more\"\n                        data-page-count=\"4\"\n                        data-feed-type=\"in-the-press\"\n                        data-showposts=\"8\"\n                        data-list-selector=\".ace-articles-list\"\n                    >\n                        Na\u010d\u00edst v\u00edce\n                    <\/button>\n                            \n                    <\/div>\n    <\/div>","protected":false},"excerpt":{"rendered":"","protected":false},"author":4,"featured_media":0,"parent":0,"menu_order":0,"comment_status":"closed","ping_status":"closed","template":"","meta":{"inline_featured_image":false,"footnotes":""},"thematic-scope":[],"class_list":["post-1120","page","type-page","status-publish","hentry"],"yoast_head":"<!-- This site is optimized with the Yoast SEO Premium plugin v23.8 (Yoast SEO v23.7) - https:\/\/yoast.com\/wordpress\/plugins\/seo\/ -->\n<title>In the press - Architects&#039; Council of Europe<\/title>\n<meta name=\"robots\" content=\"noindex, follow, max-snippet:-1, max-image-preview:large, max-video-preview:-1\" \/>\n<meta property=\"og:locale\" content=\"cs_CZ\" \/>\n<meta property=\"og:type\" content=\"article\" \/>\n<meta property=\"og:title\" content=\"In the press - Architects&#039; Council of Europe\" \/>\n<meta property=\"og:url\" content=\"https:\/\/staging.ace-cae.eu\/cs\/in-the-press\/\" \/>\n<meta property=\"og:site_name\" content=\"Architects&#039; Council of Europe\" \/>\n<meta property=\"article:modified_time\" content=\"2025-09-03T13:02:56+00:00\" \/>\n<meta name=\"twitter:card\" content=\"summary_large_image\" \/>\n<script type=\"application\/ld+json\" class=\"yoast-schema-graph\">{\"@context\":\"https:\/\/schema.org\",\"@graph\":[{\"@type\":\"WebPage\",\"@id\":\"https:\/\/staging.ace-cae.eu\/in-the-press\/\",\"url\":\"https:\/\/staging.ace-cae.eu\/in-the-press\/\",\"name\":\"In the press - Architects&#039; Council of Europe\",\"isPartOf\":{\"@id\":\"https:\/\/staging.ace-cae.eu\/#website\"},\"datePublished\":\"2024-12-05T11:58:36+00:00\",\"dateModified\":\"2025-09-03T13:02:56+00:00\",\"breadcrumb\":{\"@id\":\"https:\/\/staging.ace-cae.eu\/in-the-press\/#breadcrumb\"},\"inLanguage\":\"cs-CZ\",\"potentialAction\":[{\"@type\":\"ReadAction\",\"target\":[\"https:\/\/staging.ace-cae.eu\/in-the-press\/\"]}]},{\"@type\":\"BreadcrumbList\",\"@id\":\"https:\/\/staging.ace-cae.eu\/in-the-press\/#breadcrumb\",\"itemListElement\":[{\"@type\":\"ListItem\",\"position\":1,\"name\":\"Home\",\"item\":\"https:\/\/staging.ace-cae.eu\/\"},{\"@type\":\"ListItem\",\"position\":2,\"name\":\"In the press\"}]},{\"@type\":\"WebSite\",\"@id\":\"https:\/\/staging.ace-cae.eu\/#website\",\"url\":\"https:\/\/staging.ace-cae.eu\/\",\"name\":\"Architects&#039; Council of Europe\",\"description\":\"High-quality architecture and living environments for all.\",\"potentialAction\":[{\"@type\":\"SearchAction\",\"target\":{\"@type\":\"EntryPoint\",\"urlTemplate\":\"https:\/\/staging.ace-cae.eu\/?s={search_term_string}\"},\"query-input\":{\"@type\":\"PropertyValueSpecification\",\"valueRequired\":true,\"valueName\":\"search_term_string\"}}],\"inLanguage\":\"cs-CZ\"}]}<\/script>\n<!-- \/ Yoast SEO Premium plugin. -->","yoast_head_json":{"title":"In the press - Architects&#039; Council of Europe","robots":{"index":"noindex","follow":"follow","max-snippet":"max-snippet:-1","max-image-preview":"max-image-preview:large","max-video-preview":"max-video-preview:-1"},"og_locale":"cs_CZ","og_type":"article","og_title":"In the press - Architects&#039; Council of Europe","og_url":"https:\/\/staging.ace-cae.eu\/cs\/in-the-press\/","og_site_name":"Architects&#039; Council of Europe","article_modified_time":"2025-09-03T13:02:56+00:00","twitter_card":"summary_large_image","schema":{"@context":"https:\/\/schema.org","@graph":[{"@type":"WebPage","@id":"https:\/\/staging.ace-cae.eu\/in-the-press\/","url":"https:\/\/staging.ace-cae.eu\/in-the-press\/","name":"In the press - Architects&#039; Council of Europe","isPartOf":{"@id":"https:\/\/staging.ace-cae.eu\/#website"},"datePublished":"2024-12-05T11:58:36+00:00","dateModified":"2025-09-03T13:02:56+00:00","breadcrumb":{"@id":"https:\/\/staging.ace-cae.eu\/in-the-press\/#breadcrumb"},"inLanguage":"cs-CZ","potentialAction":[{"@type":"ReadAction","target":["https:\/\/staging.ace-cae.eu\/in-the-press\/"]}]},{"@type":"BreadcrumbList","@id":"https:\/\/staging.ace-cae.eu\/in-the-press\/#breadcrumb","itemListElement":[{"@type":"ListItem","position":1,"name":"Home","item":"https:\/\/staging.ace-cae.eu\/"},{"@type":"ListItem","position":2,"name":"In the press"}]},{"@type":"WebSite","@id":"https:\/\/staging.ace-cae.eu\/#website","url":"https:\/\/staging.ace-cae.eu\/","name":"Architects&#039; Council of Europe","description":"High-quality architecture and living environments for all.","potentialAction":[{"@type":"SearchAction","target":{"@type":"EntryPoint","urlTemplate":"https:\/\/staging.ace-cae.eu\/?s={search_term_string}"},"query-input":{"@type":"PropertyValueSpecification","valueRequired":true,"valueName":"search_term_string"}}],"inLanguage":"cs-CZ"}]}},"_links":{"self":[{"href":"https:\/\/staging.ace-cae.eu\/cs\/wp-json\/wp\/v2\/pages\/1120","targetHints":{"allow":["GET"]}}],"collection":[{"href":"https:\/\/staging.ace-cae.eu\/cs\/wp-json\/wp\/v2\/pages"}],"about":[{"href":"https:\/\/staging.ace-cae.eu\/cs\/wp-json\/wp\/v2\/types\/page"}],"author":[{"embeddable":true,"href":"https:\/\/staging.ace-cae.eu\/cs\/wp-json\/wp\/v2\/users\/4"}],"replies":[{"embeddable":true,"href":"https:\/\/staging.ace-cae.eu\/cs\/wp-json\/wp\/v2\/comments?post=1120"}],"version-history":[{"count":0,"href":"https:\/\/staging.ace-cae.eu\/cs\/wp-json\/wp\/v2\/pages\/1120\/revisions"}],"wp:attachment":[{"href":"https:\/\/staging.ace-cae.eu\/cs\/wp-json\/wp\/v2\/media?parent=1120"}],"wp:term":[{"taxonomy":"thematic-scope","embeddable":true,"href":"https:\/\/staging.ace-cae.eu\/cs\/wp-json\/wp\/v2\/thematic-scope?post=1120"}],"curies":[{"name":"wp","href":"https:\/\/api.w.org\/{rel}","templated":true}]}}