{"id":1060,"date":"2024-12-05T09:39:56","date_gmt":"2024-12-05T09:39:56","guid":{"rendered":"https:\/\/staging.ace-cae.eu\/?page_id=1060"},"modified":"2024-12-05T09:40:00","modified_gmt":"2024-12-05T09:40:00","slug":"projects","status":"publish","type":"page","link":"https:\/\/staging.ace-cae.eu\/de\/projects\/","title":{"rendered":"Projekte"},"content":{"rendered":"<div class=\"ace-section ace-section-projects wp-block-ace-articles\">\n    <header class=\"ace-section-header\">\n    <div>\n                <p>Neben dem Programm Kreatives Europa beteiligt sich der Europarat aktiv an verschiedenen anderen EU-finanzierten Projekten. In der Regel besteht die Rolle von ACE darin, Projektpartnern Fachwissen zur Verf\u00fcgung zu stellen und die Ergebnisse \u00fcber sein umfangreiches Netzwerk von Mitgliedern und internationale Verbindungen zu verbreiten.<\/p>\n        <p>Entdecken Sie die aktuellen Projekte<\/p>\n    <\/div>\n    <div class=\"ace-filters\" data-feed-type=\"projects\" data-list-selector=\".ace-projects-list\">\n    <ul class=\"ace-filters-selected\">\n    <\/ul>\n    <div class=\"ace-filters-inner\">\n        <label>Filtern nach<\/label>\n        <ul class=\"ace-filters-list\">\n                            <li data-value=\"status\" data-label=\"Status\">Status                    <ul>\n                                                    <li data-value=\"ongoing\" data-label=\"Ongoing Projects\">Laufende Projekte<\/li>\n                                                    <li data-value=\"past\" data-label=\"Past Projects\">Vergangene Projekte<\/li>\n                                            <\/ul>\n                <\/li>\n                            <li data-value=\"topic\" data-label=\"Topic\">Thema                    <ul>\n                                                    <li data-value=\"adaptive-architecture\" data-label=\"Adaptive architecture\">Adaptive Architektur<\/li>\n                                                    <li data-value=\"architecture-design-competition\" data-label=\"Architecture Design Competition\">Wettbewerb f\u00fcr Architekturdesign<\/li>\n                                                    <li data-value=\"digitalisation\" data-label=\"Digitalisation\">Digitalisierung<\/li>\n                                                    <li data-value=\"good-practices\" data-label=\"Good practices\">Bew\u00e4hrte Verfahren<\/li>\n                                                    <li data-value=\"heritage\" data-label=\"heritage\">Erbe<\/li>\n                                                    <li data-value=\"high-quality-architecture\" data-label=\"High quality architecture\">Hochwertige Architektur<\/li>\n                                                    <li data-value=\"innovation\" data-label=\"Innovation\">Innovation<\/li>\n                                                    <li data-value=\"new-european-bauhaus\" data-label=\"New European Bauhaus\">Neues Europ\u00e4isches Bauhaus<\/li>\n                                                    <li data-value=\"sustainability\" data-label=\"sustainability\">Nachhaltigkeit<\/li>\n                                            <\/ul>\n                <\/li>\n                            <li data-value=\"thematic-scope\" data-label=\"Thematic Scope\">Thematischer Anwendungsbereich                    <ul>\n                                                    <li data-value=\"achieving-quality-in-architecture-baukultur\" data-label=\"Achieving quality in Architecture \/ Baukultur\">Qualit\u00e4t in Architektur \/ Baukultur erreichen<\/li>\n                                                    <li data-value=\"practice-of-the-profession\" data-label=\"Practice of the Profession\">Praxis des Berufes<\/li>\n                                                    <li data-value=\"research-development\" data-label=\"Research &amp; Development\">Forschung &amp; Entwicklung<\/li>\n                                            <\/ul>\n                <\/li>\n                            <li data-value=\"date\" data-label=\"Date\">Datum                    <ul>\n                                                    <li data-value=\"2025\" data-label=\"2025\">2025<\/li>\n                                                    <li data-value=\"2024\" data-label=\"2024\">2024<\/li>\n                                            <\/ul>\n                <\/li>\n                    <\/ul>\n    <\/div>\n<\/div><\/header>\n<div class=\"ace-projects\">\n    <div class=\"ace-projects-list\" data-article=\"0\">\n                        <a href=\"https:\/\/staging.ace-cae.eu\/de\/projects\/heritace\/\">\r\n            <img decoding=\"async\" src=\"https:\/\/staging.ace-cae.eu\/wp-content\/uploads\/2024\/10\/heritace-cover-1484x820.webp\" alt=\"\" \/>\r\n        <div class=\"ace-project-info\">\r\n        <div class=\"ace-project-meta\">\r\n                            <p class=\"ace-project-date\">\r\n                                            BEGINN: 20. Januar 2024 \u2013 END: 23. Dezember 2027                                    <\/p>\r\n                                        <img loading=\"lazy\" decoding=\"async\" src=\"https:\/\/staging.ace-cae.eu\/wp-content\/uploads\/2024\/10\/HeriTACE-99x76.png\" class=\"ace-project-logo\" width=\"145\" height=\"76\" \/>\r\n                    <\/div>\r\n        <h2>HeriTACE \u2013 \u201eFuture-Proofing Heritage Townhouses by Optimising Comfort and Energy in Time and Space\u201c (Zukunftssichere Stadth\u00e4user durch Optimierung von Komfort und Energie in Zeit und Raum)<\/h2>\r\n        <h1>HeriTACE will deliver holistic solutions for authorities and architects to envision and govern a sustainable energy future for heritage townhouses in historical neighbourhoods.<\/h1>\r\n    <\/div>\r\n<\/a>                    <a href=\"https:\/\/staging.ace-cae.eu\/de\/projects\/sonata-situation-aware-orchestration-of-adaptive-architecture\/\">\r\n            <img decoding=\"async\" src=\"https:\/\/staging.ace-cae.eu\/wp-content\/uploads\/2024\/10\/1500x500-1484x500.jpeg\" alt=\"\" \/>\r\n        <div class=\"ace-project-info\">\r\n        <div class=\"ace-project-meta\">\r\n                            <p class=\"ace-project-date\">\r\n                                            BEGINN: 31. Januar 2024 \u2013 END: 14. Dezember 2027                                    <\/p>\r\n                                        <img loading=\"lazy\" decoding=\"async\" src=\"https:\/\/staging.ace-cae.eu\/wp-content\/uploads\/2024\/10\/SONATA-147x76.png\" class=\"ace-project-logo\" width=\"145\" height=\"76\" \/>\r\n                    <\/div>\r\n        <h2>SONATA \u2013 Situationsbewusste Orchestrierung adaptiver Architektur<\/h2>\r\n        <h1>SONATA aims to develop architectural \u2018adaptive\u2019 technologies in workplaces to improve the mental health, well-being, productivity and social relationships of the employees.<\/h1>\r\n    <\/div>\r\n<\/a>                    <a href=\"https:\/\/staging.ace-cae.eu\/de\/projects\/innovation-alliance-circular-design-cid\/\">\r\n            <img decoding=\"async\" src=\"https:\/\/staging.ace-cae.eu\/wp-content\/uploads\/2024\/10\/cid-1484x820.jpg\" alt=\"\" \/>\r\n        <div class=\"ace-project-info\">\r\n        <div class=\"ace-project-meta\">\r\n                            <p class=\"ace-project-date\">\r\n                                            BEGINN: 12. Juli 2023 \u2013 END: 5. August 2026                                    <\/p>\r\n                                        <img loading=\"lazy\" decoding=\"async\" src=\"https:\/\/staging.ace-cae.eu\/wp-content\/uploads\/2024\/10\/CiD-72x76.png\" class=\"ace-project-logo\" width=\"145\" height=\"76\" \/>\r\n                    <\/div>\r\n        <h2>Innovationsallianz Circular Design \u2013 CiD<\/h2>\r\n        <h1>CiD develops innovation in Circular Design education by fostering entrepreneurship in academia, with an accelerator programme for students&#8217; start-ups and continuing education courses to upskill in emerging labour market.<\/h1>\r\n    <\/div>\r\n<\/a>                    <a href=\"https:\/\/staging.ace-cae.eu\/de\/projects\/arch-e-the-european-platform-for-architectural-design-competitions\/\">\r\n            <img decoding=\"async\" src=\"https:\/\/staging.ace-cae.eu\/wp-content\/uploads\/2024\/10\/1500x500-1-1484x500.jpeg\" alt=\"\" \/>\r\n        <div class=\"ace-project-info\">\r\n        <div class=\"ace-project-meta\">\r\n                            <p class=\"ace-project-date\">\r\n                                            BEGINN: 4. Februar 2023 \u2013 END: 24. Januar 2026                                    <\/p>\r\n                                        <img loading=\"lazy\" decoding=\"async\" src=\"https:\/\/staging.ace-cae.eu\/wp-content\/uploads\/2024\/10\/ARCH-E-159x76.png\" class=\"ace-project-logo\" width=\"145\" height=\"76\" \/>\r\n                    <\/div>\r\n        <h2>ARCH-E: European Platform for Architectural Design Competitions (Europ\u00e4ische Plattform f\u00fcr Architektenwettbewerbe)\u00a0<\/h2>\r\n        <h1>Its main objective is to promote high-quality architectural solutions for the built environment by increasing the use of architectural design competitions (ADC) in Europe.<\/h1>\r\n    <\/div>\r\n<\/a>                    <a href=\"https:\/\/staging.ace-cae.eu\/de\/projects\/new-european-bauhaus-unlocked-through-built4people-b4p-endorsed-local-action\/\">\r\n            <img decoding=\"async\" src=\"https:\/\/staging.ace-cae.eu\/wp-content\/uploads\/2024\/10\/match-making.jpg\" alt=\"\" \/>\r\n        <div class=\"ace-project-info\">\r\n        <div class=\"ace-project-meta\">\r\n                            <p class=\"ace-project-date\">\r\n                                            BEGINN: 11. Oktober 2022 \u2013 END: 2. M\u00e4rz 2025                                    <\/p>\r\n                                        <img loading=\"lazy\" decoding=\"async\" src=\"https:\/\/staging.ace-cae.eu\/wp-content\/uploads\/2024\/10\/NEBULA-149x76.jpg\" class=\"ace-project-logo\" width=\"145\" height=\"76\" \/>\r\n                    <\/div>\r\n        <h2>Neues Europ\u00e4isches Bauhaus durch von Built4People (B4P) unterst\u00fctzte lokale Ma\u00dfnahmen freigeschaltet<\/h2>\r\n        <h1>Das NEBULA-Projekt baut auf der Arbeit auf, die im Rahmen der B4P-Partnerschaft (Built4People) entwickelt wurde. Die Europ\u00e4ische Partnerschaft unter<\/h1>\r\n    <\/div>\r\n<\/a>                    <a href=\"https:\/\/staging.ace-cae.eu\/de\/projects\/accord\/\">\r\n            <img decoding=\"async\" src=\"https:\/\/staging.ace-cae.eu\/wp-content\/uploads\/2024\/10\/1500x500-2-1484x500.jpeg\" alt=\"\" \/>\r\n        <div class=\"ace-project-info\">\r\n        <div class=\"ace-project-meta\">\r\n                            <p class=\"ace-project-date\">\r\n                                            BEGINN: 11. September 2022 \u2013 END: 11. August 2025                                    <\/p>\r\n                                        <img loading=\"lazy\" decoding=\"async\" src=\"https:\/\/staging.ace-cae.eu\/wp-content\/uploads\/2024\/10\/ACCORD-175x76.jpg\" class=\"ace-project-logo\" width=\"145\" height=\"76\" \/>\r\n                    <\/div>\r\n        <h2>ACCORD<\/h2>\r\n        <h1>Digitalisierte Baugenehmigung und Compliance mit BIM zur Verbesserung der Produktivit\u00e4t und Qualit\u00e4t der Planung<\/h1>\r\n    <\/div>\r\n<\/a>                    <a href=\"https:\/\/staging.ace-cae.eu\/de\/projects\/arv\/\">\r\n            <img decoding=\"async\" src=\"https:\/\/staging.ace-cae.eu\/wp-content\/uploads\/2024\/10\/arv-1484x500.jpeg\" alt=\"\" \/>\r\n        <div class=\"ace-project-info\">\r\n        <div class=\"ace-project-meta\">\r\n                            <p class=\"ace-project-date\">\r\n                                            BEGINN: 12. Januar 2022 \u2013 END: 7. Dezember 2025                                    <\/p>\r\n                                        <img loading=\"lazy\" decoding=\"async\" src=\"https:\/\/staging.ace-cae.eu\/wp-content\/uploads\/2024\/10\/ARV-205x61.jpg\" class=\"ace-project-logo\" width=\"145\" height=\"76\" \/>\r\n                    <\/div>\r\n        <h2>ARV<\/h2>\r\n        <h1>ARV ist ein von der EU finanziertes H2020-Projekt zur Schaffung von Climate Positive Circular Communities (CPCC).<\/h1>\r\n    <\/div>\r\n<\/a>                    <a href=\"https:\/\/staging.ace-cae.eu\/de\/projects\/cultural-e\/\">\r\n            <img decoding=\"async\" src=\"https:\/\/staging.ace-cae.eu\/wp-content\/uploads\/2024\/10\/09_The_Gardens_photo_Fowelin_cyan_home-1484x820.png\" alt=\"\" \/>\r\n        <div class=\"ace-project-info\">\r\n        <div class=\"ace-project-meta\">\r\n                            <p class=\"ace-project-date\">\r\n                                            BEGINN: 23. Oktober 2019 \u2013 ENDE: 15. M\u00e4rz 2025                                    <\/p>\r\n                                        <img loading=\"lazy\" decoding=\"async\" src=\"https:\/\/staging.ace-cae.eu\/wp-content\/uploads\/2024\/10\/Cultural-E-145x76.png\" class=\"ace-project-logo\" width=\"145\" height=\"76\" \/>\r\n                    <\/div>\r\n        <h2>Cultural-E<\/h2>\r\n        <h1>Cultural-E geht einen Schritt \u00fcber Nearly Zero Energy Buildings (nZEBs) hinaus in die Zukunft von Plus<\/h1>\r\n    <\/div>\r\n<\/a>                    <\/div>\n    <nav class=\"ace-projects-nav\">\n        <a href=\"#\" class=\"ace-nav-prev\"><\/a>\n        <a href=\"#\" class=\"ace-nav-next\"><\/a>\n    <\/nav>\n<\/div>\n            <div class=\"ace-section-actions\">\n                                                                <button\n                        class=\"ace-load-more\"\n                        data-page-count=\"2\"\n                        data-feed-type=\"projects\"\n                        data-showposts=\"8\"\n                        data-list-selector=\".ace-projects-list\"\n                    >\n                        LADEN SIE MEHR\n                    <\/button>\n                            \n                    <\/div>\n    <\/div>","protected":false},"excerpt":{"rendered":"","protected":false},"author":4,"featured_media":0,"parent":0,"menu_order":0,"comment_status":"closed","ping_status":"closed","template":"","meta":{"inline_featured_image":false,"footnotes":""},"thematic-scope":[],"class_list":["post-1060","page","type-page","status-publish","hentry"],"yoast_head":"<!-- This site is optimized with the Yoast SEO Premium plugin v23.8 (Yoast SEO v23.7) - https:\/\/yoast.com\/wordpress\/plugins\/seo\/ -->\n<title>Projects - Architects&#039; Council of Europe<\/title>\n<meta name=\"robots\" content=\"noindex, follow, max-snippet:-1, max-image-preview:large, max-video-preview:-1\" \/>\n<meta property=\"og:locale\" content=\"de_DE\" \/>\n<meta property=\"og:type\" content=\"article\" \/>\n<meta property=\"og:title\" content=\"Projects - Architects&#039; Council of Europe\" \/>\n<meta property=\"og:url\" content=\"https:\/\/staging.ace-cae.eu\/de\/projects\/\" \/>\n<meta property=\"og:site_name\" content=\"Architects&#039; Council of Europe\" \/>\n<meta property=\"article:modified_time\" content=\"2024-12-05T09:40:00+00:00\" \/>\n<meta name=\"twitter:card\" content=\"summary_large_image\" \/>\n<script type=\"application\/ld+json\" class=\"yoast-schema-graph\">{\"@context\":\"https:\/\/schema.org\",\"@graph\":[{\"@type\":\"WebPage\",\"@id\":\"https:\/\/staging.ace-cae.eu\/projects\/\",\"url\":\"https:\/\/staging.ace-cae.eu\/projects\/\",\"name\":\"Projects - Architects&#039; Council of Europe\",\"isPartOf\":{\"@id\":\"https:\/\/staging.ace-cae.eu\/#website\"},\"datePublished\":\"2024-12-05T09:39:56+00:00\",\"dateModified\":\"2024-12-05T09:40:00+00:00\",\"breadcrumb\":{\"@id\":\"https:\/\/staging.ace-cae.eu\/projects\/#breadcrumb\"},\"inLanguage\":\"de-DE\",\"potentialAction\":[{\"@type\":\"ReadAction\",\"target\":[\"https:\/\/staging.ace-cae.eu\/projects\/\"]}]},{\"@type\":\"BreadcrumbList\",\"@id\":\"https:\/\/staging.ace-cae.eu\/projects\/#breadcrumb\",\"itemListElement\":[{\"@type\":\"ListItem\",\"position\":1,\"name\":\"Home\",\"item\":\"https:\/\/staging.ace-cae.eu\/\"},{\"@type\":\"ListItem\",\"position\":2,\"name\":\"Projects\"}]},{\"@type\":\"WebSite\",\"@id\":\"https:\/\/staging.ace-cae.eu\/#website\",\"url\":\"https:\/\/staging.ace-cae.eu\/\",\"name\":\"Architects&#039; Council of Europe\",\"description\":\"High-quality architecture and living environments for all.\",\"potentialAction\":[{\"@type\":\"SearchAction\",\"target\":{\"@type\":\"EntryPoint\",\"urlTemplate\":\"https:\/\/staging.ace-cae.eu\/?s={search_term_string}\"},\"query-input\":{\"@type\":\"PropertyValueSpecification\",\"valueRequired\":true,\"valueName\":\"search_term_string\"}}],\"inLanguage\":\"de-DE\"}]}<\/script>\n<!-- \/ Yoast SEO Premium plugin. -->","yoast_head_json":{"title":"Projects - Architects&#039; Council of Europe","robots":{"index":"noindex","follow":"follow","max-snippet":"max-snippet:-1","max-image-preview":"max-image-preview:large","max-video-preview":"max-video-preview:-1"},"og_locale":"de_DE","og_type":"article","og_title":"Projects - Architects&#039; Council of Europe","og_url":"https:\/\/staging.ace-cae.eu\/de\/projects\/","og_site_name":"Architects&#039; Council of Europe","article_modified_time":"2024-12-05T09:40:00+00:00","twitter_card":"summary_large_image","schema":{"@context":"https:\/\/schema.org","@graph":[{"@type":"WebPage","@id":"https:\/\/staging.ace-cae.eu\/projects\/","url":"https:\/\/staging.ace-cae.eu\/projects\/","name":"Projects - Architects&#039; Council of Europe","isPartOf":{"@id":"https:\/\/staging.ace-cae.eu\/#website"},"datePublished":"2024-12-05T09:39:56+00:00","dateModified":"2024-12-05T09:40:00+00:00","breadcrumb":{"@id":"https:\/\/staging.ace-cae.eu\/projects\/#breadcrumb"},"inLanguage":"de-DE","potentialAction":[{"@type":"ReadAction","target":["https:\/\/staging.ace-cae.eu\/projects\/"]}]},{"@type":"BreadcrumbList","@id":"https:\/\/staging.ace-cae.eu\/projects\/#breadcrumb","itemListElement":[{"@type":"ListItem","position":1,"name":"Home","item":"https:\/\/staging.ace-cae.eu\/"},{"@type":"ListItem","position":2,"name":"Projects"}]},{"@type":"WebSite","@id":"https:\/\/staging.ace-cae.eu\/#website","url":"https:\/\/staging.ace-cae.eu\/","name":"Architects&#039; Council of Europe","description":"High-quality architecture and living environments for all.","potentialAction":[{"@type":"SearchAction","target":{"@type":"EntryPoint","urlTemplate":"https:\/\/staging.ace-cae.eu\/?s={search_term_string}"},"query-input":{"@type":"PropertyValueSpecification","valueRequired":true,"valueName":"search_term_string"}}],"inLanguage":"de-DE"}]}},"_links":{"self":[{"href":"https:\/\/staging.ace-cae.eu\/de\/wp-json\/wp\/v2\/pages\/1060","targetHints":{"allow":["GET"]}}],"collection":[{"href":"https:\/\/staging.ace-cae.eu\/de\/wp-json\/wp\/v2\/pages"}],"about":[{"href":"https:\/\/staging.ace-cae.eu\/de\/wp-json\/wp\/v2\/types\/page"}],"author":[{"embeddable":true,"href":"https:\/\/staging.ace-cae.eu\/de\/wp-json\/wp\/v2\/users\/4"}],"replies":[{"embeddable":true,"href":"https:\/\/staging.ace-cae.eu\/de\/wp-json\/wp\/v2\/comments?post=1060"}],"version-history":[{"count":0,"href":"https:\/\/staging.ace-cae.eu\/de\/wp-json\/wp\/v2\/pages\/1060\/revisions"}],"wp:attachment":[{"href":"https:\/\/staging.ace-cae.eu\/de\/wp-json\/wp\/v2\/media?parent=1060"}],"wp:term":[{"taxonomy":"thematic-scope","embeddable":true,"href":"https:\/\/staging.ace-cae.eu\/de\/wp-json\/wp\/v2\/thematic-scope?post=1060"}],"curies":[{"name":"wp","href":"https:\/\/api.w.org\/{rel}","templated":true}]}}