{"id":817,"date":"2024-11-15T07:34:48","date_gmt":"2024-11-15T07:34:48","guid":{"rendered":"https:\/\/staging.ace-cae.eu\/?page_id=817"},"modified":"2025-03-07T13:43:43","modified_gmt":"2025-03-07T12:43:43","slug":"events","status":"publish","type":"page","link":"https:\/\/staging.ace-cae.eu\/fr\/events\/","title":{"rendered":"\u00c9v\u00e8nements"},"content":{"rendered":"<div class=\"ace-section ace-section-event-lists wp-block-ace-articles\">\n    \n<h1>\u00c9v\u00e9nement<\/h1>\n<div class=\"ace-tabs\">\n    <a href=\"#\" class=\"ace-tab-title ace-selected\">\u00c9V\u00c9NEMENTS ACTIFS<\/a>\n    <div class=\"ace-tab-content ace-selected\" data-id=\"active-events\">\n        <div class=\"ace-articles\">\n            <div class=\"ace-articles-list\">\n                                                    \r\n<a class=\"ace-article ace-article-event\" href=\"https:\/\/staging.ace-cae.eu\/fr\/event\/test-event\/\">\r\n            <img decoding=\"async\" src=\"https:\/\/staging.ace-cae.eu\/wp-content\/uploads\/2024\/09\/Invitation-ACE-conference_po-253x191.jpg\" alt=\"\" width=\"253\" style=\"object-fit: cover;\" \/>\r\n        <div class=\"ace-article-info\">\r\n        <h3>En ligne<\/h3>\r\n        <p>Conf\u00e9rence ACE-Europa Nostra: \u00abNouveau Bauhaus europ\u00e9en \u2013 Patrimoine &amp; Transformation\u00bb<\/p>\r\n                <p class=\"ace-article-date\">28 novembre 2024 \u2013 <\/p>\r\n    <\/div>\r\n<\/a>                                    \r\n<a class=\"ace-article ace-article-event\" href=\"https:\/\/staging.ace-cae.eu\/fr\/event\/montenegro-days-of-architecture\/\">\r\n            <img decoding=\"async\" src=\"https:\/\/staging.ace-cae.eu\/wp-content\/uploads\/2024\/11\/Montenegro-Days-of-Architecture-253x191.jpg\" alt=\"\" width=\"253\" style=\"object-fit: cover;\" \/>\r\n        <div class=\"ace-article-info\">\r\n        <h3>Podgorica<\/h3>\r\n        <p>Mont\u00e9n\u00e9gro:\u00a0Journ\u00e9es de l'architecture<\/p>\r\n                <p class=\"ace-article-date\">22 novembre 2024 \u2013 <\/p>\r\n    <\/div>\r\n<\/a>                                    \r\n<a class=\"ace-article ace-article-event\" href=\"https:\/\/staging.ace-cae.eu\/fr\/event\/spain-decarbonisation-conference-29-10\/\">\r\n            <img decoding=\"async\" src=\"https:\/\/staging.ace-cae.eu\/wp-content\/uploads\/2024\/11\/Spain_-Decarbonisation-Conference-29_10-253x191.png\" alt=\"\" width=\"253\" style=\"object-fit: cover;\" \/>\r\n        <div class=\"ace-article-info\">\r\n        <h3>Pla\u00e7a Nova, 5 \u2013 Barcelone<\/h3>\r\n        <p>Espagne : Conf\u00e9rence sur la d\u00e9carbonation 29\/10<\/p>\r\n                <p class=\"ace-article-date\">29 octobre 2024 \u2013 8 h 30<\/p>\r\n    <\/div>\r\n<\/a>                                    \r\n<a class=\"ace-article ace-article-event\" href=\"https:\/\/staging.ace-cae.eu\/fr\/event\/biennale-architettura-2025\/\">\r\n            <img decoding=\"async\" src=\"https:\/\/staging.ace-cae.eu\/wp-content\/uploads\/2024\/11\/labiennale-253x191.jpg\" alt=\"\" width=\"253\" style=\"object-fit: cover;\" \/>\r\n        <div class=\"ace-article-info\">\r\n        <h3>Venise<\/h3>\r\n        <p>ARCHITETTURA BIENNALE 2025<\/p>\r\n                    <h3>\u00c9v\u00e9nements d'architecture en Europe<\/h3>\r\n                <p class=\"ace-article-date\">10 mai 2025 \u2013 <\/p>\r\n    <\/div>\r\n<\/a>                                    \r\n<a class=\"ace-article ace-article-event\" href=\"https:\/\/staging.ace-cae.eu\/fr\/event\/from-quality-of-public-procurement-to-the-quality-of-construction-in-europe\/\">\r\n            <img decoding=\"async\" src=\"https:\/\/staging.ace-cae.eu\/wp-content\/uploads\/2024\/12\/speaker-giving-talk-conference-hall-600nw-2508411201-253x191.webp\" alt=\"\" width=\"253\" style=\"object-fit: cover;\" \/>\r\n        <div class=\"ace-article-info\">\r\n        <h3>Italie<\/h3>\r\n        <p>Conf\u00e9rence CNAPPC: De la qualit\u00e9 des march\u00e9s publics \u00e0 la qualit\u00e9 de la construction en Europe\u00a0<\/p>\r\n                    <h3>ACE Membres Organisations \u00c9v\u00e9nements<\/h3>\r\n                <p class=\"ace-article-date\">3 d\u00e9cembre 2024 \u2013 14 h 05<\/p>\r\n    <\/div>\r\n<\/a>                                    \r\n<a class=\"ace-article ace-article-event\" href=\"https:\/\/staging.ace-cae.eu\/fr\/event\/levels-online-conference\/\">\r\n            <img decoding=\"async\" src=\"https:\/\/staging.ace-cae.eu\/wp-content\/uploads\/2024\/12\/1733304665952-253x191.jpg\" alt=\"\" width=\"253\" style=\"object-fit: cover;\" \/>\r\n        <div class=\"ace-article-info\">\r\n        <h3>Online<\/h3>\r\n        <p>Conf\u00e9rence en ligne Level(s)<\/p>\r\n                <p class=\"ace-article-date\">10 d\u00e9cembre 2024 \u2013 10 heures<\/p>\r\n    <\/div>\r\n<\/a>                                    \r\n<a class=\"ace-article ace-article-event\" href=\"https:\/\/staging.ace-cae.eu\/fr\/event\/join-us-for-the-cultural-e-final-conference-in-brussels-7th-february-2025\/\">\r\n            <img decoding=\"async\" src=\"https:\/\/staging.ace-cae.eu\/wp-content\/uploads\/2024\/12\/website-253x191.png\" alt=\"\" width=\"253\" style=\"object-fit: cover;\" \/>\r\n        <div class=\"ace-article-info\">\r\n        <h3>Greenbizz, Bruxelles<\/h3>\r\n        <p>Conf\u00e9rence finale Culture-E \u00e0 Bruxelles le 7 f\u00e9vrier 2025\u00a0<\/p>\r\n                    <h3>ACE \u00c9v\u00e9nements financ\u00e9s par l'UE, ACE Events<\/h3>\r\n                <p class=\"ace-article-date\">7 f\u00e9vrier 2025 \u2013 8 h 30<\/p>\r\n    <\/div>\r\n<\/a>                                    \r\n<a class=\"ace-article ace-article-event\" href=\"https:\/\/staging.ace-cae.eu\/fr\/event\/architecture-festival-turn-on-2025-13-15-march-2025\/\">\r\n            <img decoding=\"async\" src=\"https:\/\/staging.ace-cae.eu\/wp-content\/uploads\/2025\/01\/turnon_25_logo_2_3-253x191.png\" alt=\"\" width=\"253\" style=\"object-fit: cover;\" \/>\r\n        <div class=\"ace-article-info\">\r\n        <h3><\/h3>\r\n        <p>Festival d'architecture TURN ON 2025: 13 \u2013 15 mars 2025<\/p>\r\n                <p class=\"ace-article-date\"> &#8211; <\/p>\r\n    <\/div>\r\n<\/a>                                            <\/div>\n            <nav class=\"ace-articles-nav\">\n                <a href=\"#\" class=\"ace-nav-prev\"><\/a>\n                <a href=\"#\" class=\"ace-nav-next\"><\/a>\n            <\/nav>\n        <\/div>\n    <\/div>\n    <a href=\"#\" class=\"ace-tab-title\">\u00c9V\u00c9NEMENTS PASS\u00c9S<\/a>\n    <div class=\"ace-tab-content\" data-id=\"past-events\">\n        <div class=\"ace-articles\">\n            <div class=\"ace-articles-list\">\n                                                    \r\n<a class=\"ace-article ace-article-event\" href=\"https:\/\/staging.ace-cae.eu\/fr\/event\/architecture-festival-turn-on-2025-13-15-march-2025\/\">\r\n            <img decoding=\"async\" src=\"https:\/\/staging.ace-cae.eu\/wp-content\/uploads\/2025\/01\/turnon_25_logo_2_3-253x191.png\" alt=\"\" width=\"253\" style=\"object-fit: cover;\" \/>\r\n        <div class=\"ace-article-info\">\r\n        <h3><\/h3>\r\n        <p>Festival d'architecture TURN ON 2025: 13 \u2013 15 mars 2025<\/p>\r\n                <p class=\"ace-article-date\"> &#8211; <\/p>\r\n    <\/div>\r\n<\/a>                                    \r\n<a class=\"ace-article ace-article-event\" href=\"https:\/\/staging.ace-cae.eu\/fr\/event\/accord-final-seminar-on-the-future-of-digital-building-permits-bim-powered-tools-and-methods\/\">\r\n            <img decoding=\"async\" src=\"https:\/\/staging.ace-cae.eu\/wp-content\/uploads\/2025\/06\/ACCORD-final-Seminar-253x191.png\" alt=\"\" width=\"253\" style=\"object-fit: cover;\" \/>\r\n        <div class=\"ace-article-info\">\r\n        <h3><\/h3>\r\n        <p>ACCORD Final Seminar on &#8220;The Future of Digital Building Permits: BIM-Powered Tools and Methods&#8221;<\/p>\r\n                    <h3>ACE \u00c9v\u00e9nements financ\u00e9s par l'UE, ACE Events<\/h3>\r\n                <p class=\"ace-article-date\"> &#8211; <\/p>\r\n    <\/div>\r\n<\/a>                                    \r\n<a class=\"ace-article ace-article-event\" href=\"https:\/\/staging.ace-cae.eu\/fr\/event\/architects-as-facilitators-of-the-energy-transition-may-19-2025-at-1300-h\/\">\r\n            <img decoding=\"async\" src=\"https:\/\/staging.ace-cae.eu\/wp-content\/uploads\/2025\/05\/Sonderborg-EN-253x191.png\" alt=\"\" width=\"253\" style=\"object-fit: cover;\" \/>\r\n        <div class=\"ace-article-info\">\r\n        <h3><\/h3>\r\n        <p>Architects as facilitators of the energy transition ARV awareness-raising event on May 19, 2025.<\/p>\r\n                    <h3>ACE EU-funded events, ACE Events, Architecture Events in Europe<\/h3>\r\n                <p class=\"ace-article-date\"> &#8211; <\/p>\r\n    <\/div>\r\n<\/a>                                    \r\n<a class=\"ace-article ace-article-event\" href=\"https:\/\/staging.ace-cae.eu\/fr\/event\/accord-webinar-on-digital-building-permit-pilots-outcomes-for-standardization-policy-making-and-decision-makers-on-may-14-2025\/\">\r\n            <img decoding=\"async\" src=\"https:\/\/staging.ace-cae.eu\/wp-content\/uploads\/2025\/05\/ACCORD-webinar-3.png\" alt=\"\" width=\"253\" style=\"object-fit: cover;\" \/>\r\n        <div class=\"ace-article-info\">\r\n        <h3><\/h3>\r\n        <p>ACCORD webinar on Digital Building Permit Pilots: Outcomes for Standardization, Policy Making, and Decision Makers on May 14, 2025<\/p>\r\n                    <h3>ACE \u00c9v\u00e9nements financ\u00e9s par l'UE, ACE Events<\/h3>\r\n                <p class=\"ace-article-date\"> &#8211; <\/p>\r\n    <\/div>\r\n<\/a>                                    \r\n<a class=\"ace-article ace-article-event\" href=\"https:\/\/staging.ace-cae.eu\/fr\/event\/spain-decarbonisation-conference-29-10\/\">\r\n            <img decoding=\"async\" src=\"https:\/\/staging.ace-cae.eu\/wp-content\/uploads\/2024\/11\/Spain_-Decarbonisation-Conference-29_10-253x191.png\" alt=\"\" width=\"253\" style=\"object-fit: cover;\" \/>\r\n        <div class=\"ace-article-info\">\r\n        <h3>Pla\u00e7a Nova, 5 \u2013 Barcelone<\/h3>\r\n        <p>Espagne : Conf\u00e9rence sur la d\u00e9carbonation 29\/10<\/p>\r\n                <p class=\"ace-article-date\">29 octobre 2024 \u2013 8 h 30<\/p>\r\n    <\/div>\r\n<\/a>                                    \r\n<a class=\"ace-article ace-article-event\" href=\"https:\/\/staging.ace-cae.eu\/fr\/event\/montenegro-days-of-architecture\/\">\r\n            <img decoding=\"async\" src=\"https:\/\/staging.ace-cae.eu\/wp-content\/uploads\/2024\/11\/Montenegro-Days-of-Architecture-253x191.jpg\" alt=\"\" width=\"253\" style=\"object-fit: cover;\" \/>\r\n        <div class=\"ace-article-info\">\r\n        <h3>Podgorica<\/h3>\r\n        <p>Mont\u00e9n\u00e9gro:\u00a0Journ\u00e9es de l'architecture<\/p>\r\n                <p class=\"ace-article-date\">22 novembre 2024 \u2013 <\/p>\r\n    <\/div>\r\n<\/a>                                    \r\n<a class=\"ace-article ace-article-event\" href=\"https:\/\/staging.ace-cae.eu\/fr\/event\/test-event\/\">\r\n            <img decoding=\"async\" src=\"https:\/\/staging.ace-cae.eu\/wp-content\/uploads\/2024\/09\/Invitation-ACE-conference_po-253x191.jpg\" alt=\"\" width=\"253\" style=\"object-fit: cover;\" \/>\r\n        <div class=\"ace-article-info\">\r\n        <h3>En ligne<\/h3>\r\n        <p>Conf\u00e9rence ACE-Europa Nostra: \u00abNouveau Bauhaus europ\u00e9en \u2013 Patrimoine &amp; Transformation\u00bb<\/p>\r\n                <p class=\"ace-article-date\">28 novembre 2024 \u2013 <\/p>\r\n    <\/div>\r\n<\/a>                                    \r\n<a class=\"ace-article ace-article-event\" href=\"https:\/\/staging.ace-cae.eu\/fr\/event\/from-quality-of-public-procurement-to-the-quality-of-construction-in-europe\/\">\r\n            <img decoding=\"async\" src=\"https:\/\/staging.ace-cae.eu\/wp-content\/uploads\/2024\/12\/speaker-giving-talk-conference-hall-600nw-2508411201-253x191.webp\" alt=\"\" width=\"253\" style=\"object-fit: cover;\" \/>\r\n        <div class=\"ace-article-info\">\r\n        <h3>Italie<\/h3>\r\n        <p>Conf\u00e9rence CNAPPC: De la qualit\u00e9 des march\u00e9s publics \u00e0 la qualit\u00e9 de la construction en Europe\u00a0<\/p>\r\n                    <h3>ACE Membres Organisations \u00c9v\u00e9nements<\/h3>\r\n                <p class=\"ace-article-date\">3 d\u00e9cembre 2024 \u2013 14 h 05<\/p>\r\n    <\/div>\r\n<\/a>                                            <\/div>\n            <nav class=\"ace-articles-nav\">\n                <a href=\"#\" class=\"ace-nav-prev\"><\/a>\n                <a href=\"#\" class=\"ace-nav-next\"><\/a>\n            <\/nav>\n        <\/div>\n    <\/div>\n<\/div>\n            <div class=\"ace-section-actions\">\n                                                                <button\n                        class=\"ace-load-more\"\n                        data-page-count=\"7\"\n                        data-feed-type=\"events\"\n                        data-showposts=\"8\"\n                        data-list-selector=\".ace-articles-list\"\n                    >\n                        CHARGER PLUS\n                    <\/button>\n                            \n                    <\/div>\n    <\/div>","protected":false},"excerpt":{"rendered":"","protected":false},"author":4,"featured_media":0,"parent":0,"menu_order":0,"comment_status":"closed","ping_status":"closed","template":"","meta":{"inline_featured_image":false,"footnotes":""},"thematic-scope":[],"class_list":["post-817","page","type-page","status-publish","hentry"],"yoast_head":"<!-- This site is optimized with the Yoast SEO Premium plugin v23.8 (Yoast SEO v23.7) - https:\/\/yoast.com\/wordpress\/plugins\/seo\/ -->\n<title>Events - Architects&#039; Council of Europe<\/title>\n<meta name=\"robots\" content=\"noindex, follow, max-snippet:-1, max-image-preview:large, max-video-preview:-1\" \/>\n<meta property=\"og:locale\" content=\"fr_FR\" \/>\n<meta property=\"og:type\" content=\"article\" \/>\n<meta property=\"og:title\" content=\"Events - Architects&#039; Council of Europe\" \/>\n<meta property=\"og:url\" content=\"https:\/\/staging.ace-cae.eu\/fr\/events\/\" \/>\n<meta property=\"og:site_name\" content=\"Architects&#039; Council of Europe\" \/>\n<meta property=\"article:modified_time\" content=\"2025-03-07T12:43:43+00:00\" \/>\n<meta name=\"twitter:card\" content=\"summary_large_image\" \/>\n<script type=\"application\/ld+json\" class=\"yoast-schema-graph\">{\"@context\":\"https:\/\/schema.org\",\"@graph\":[{\"@type\":\"WebPage\",\"@id\":\"https:\/\/staging.ace-cae.eu\/events\/\",\"url\":\"https:\/\/staging.ace-cae.eu\/events\/\",\"name\":\"Events - Architects&#039; Council of Europe\",\"isPartOf\":{\"@id\":\"https:\/\/staging.ace-cae.eu\/#website\"},\"datePublished\":\"2024-11-15T07:34:48+00:00\",\"dateModified\":\"2025-03-07T12:43:43+00:00\",\"breadcrumb\":{\"@id\":\"https:\/\/staging.ace-cae.eu\/events\/#breadcrumb\"},\"inLanguage\":\"fr-FR\",\"potentialAction\":[{\"@type\":\"ReadAction\",\"target\":[\"https:\/\/staging.ace-cae.eu\/events\/\"]}]},{\"@type\":\"BreadcrumbList\",\"@id\":\"https:\/\/staging.ace-cae.eu\/events\/#breadcrumb\",\"itemListElement\":[{\"@type\":\"ListItem\",\"position\":1,\"name\":\"Home\",\"item\":\"https:\/\/staging.ace-cae.eu\/\"},{\"@type\":\"ListItem\",\"position\":2,\"name\":\"Events\"}]},{\"@type\":\"WebSite\",\"@id\":\"https:\/\/staging.ace-cae.eu\/#website\",\"url\":\"https:\/\/staging.ace-cae.eu\/\",\"name\":\"Architects&#039; Council of Europe\",\"description\":\"High-quality architecture and living environments for all.\",\"potentialAction\":[{\"@type\":\"SearchAction\",\"target\":{\"@type\":\"EntryPoint\",\"urlTemplate\":\"https:\/\/staging.ace-cae.eu\/?s={search_term_string}\"},\"query-input\":{\"@type\":\"PropertyValueSpecification\",\"valueRequired\":true,\"valueName\":\"search_term_string\"}}],\"inLanguage\":\"fr-FR\"}]}<\/script>\n<!-- \/ Yoast SEO Premium plugin. -->","yoast_head_json":{"title":"Events - Architects&#039; Council of Europe","robots":{"index":"noindex","follow":"follow","max-snippet":"max-snippet:-1","max-image-preview":"max-image-preview:large","max-video-preview":"max-video-preview:-1"},"og_locale":"fr_FR","og_type":"article","og_title":"Events - Architects&#039; Council of Europe","og_url":"https:\/\/staging.ace-cae.eu\/fr\/events\/","og_site_name":"Architects&#039; Council of Europe","article_modified_time":"2025-03-07T12:43:43+00:00","twitter_card":"summary_large_image","schema":{"@context":"https:\/\/schema.org","@graph":[{"@type":"WebPage","@id":"https:\/\/staging.ace-cae.eu\/events\/","url":"https:\/\/staging.ace-cae.eu\/events\/","name":"Events - Architects&#039; Council of Europe","isPartOf":{"@id":"https:\/\/staging.ace-cae.eu\/#website"},"datePublished":"2024-11-15T07:34:48+00:00","dateModified":"2025-03-07T12:43:43+00:00","breadcrumb":{"@id":"https:\/\/staging.ace-cae.eu\/events\/#breadcrumb"},"inLanguage":"fr-FR","potentialAction":[{"@type":"ReadAction","target":["https:\/\/staging.ace-cae.eu\/events\/"]}]},{"@type":"BreadcrumbList","@id":"https:\/\/staging.ace-cae.eu\/events\/#breadcrumb","itemListElement":[{"@type":"ListItem","position":1,"name":"Home","item":"https:\/\/staging.ace-cae.eu\/"},{"@type":"ListItem","position":2,"name":"Events"}]},{"@type":"WebSite","@id":"https:\/\/staging.ace-cae.eu\/#website","url":"https:\/\/staging.ace-cae.eu\/","name":"Architects&#039; Council of Europe","description":"High-quality architecture and living environments for all.","potentialAction":[{"@type":"SearchAction","target":{"@type":"EntryPoint","urlTemplate":"https:\/\/staging.ace-cae.eu\/?s={search_term_string}"},"query-input":{"@type":"PropertyValueSpecification","valueRequired":true,"valueName":"search_term_string"}}],"inLanguage":"fr-FR"}]}},"_links":{"self":[{"href":"https:\/\/staging.ace-cae.eu\/fr\/wp-json\/wp\/v2\/pages\/817","targetHints":{"allow":["GET"]}}],"collection":[{"href":"https:\/\/staging.ace-cae.eu\/fr\/wp-json\/wp\/v2\/pages"}],"about":[{"href":"https:\/\/staging.ace-cae.eu\/fr\/wp-json\/wp\/v2\/types\/page"}],"author":[{"embeddable":true,"href":"https:\/\/staging.ace-cae.eu\/fr\/wp-json\/wp\/v2\/users\/4"}],"replies":[{"embeddable":true,"href":"https:\/\/staging.ace-cae.eu\/fr\/wp-json\/wp\/v2\/comments?post=817"}],"version-history":[{"count":0,"href":"https:\/\/staging.ace-cae.eu\/fr\/wp-json\/wp\/v2\/pages\/817\/revisions"}],"wp:attachment":[{"href":"https:\/\/staging.ace-cae.eu\/fr\/wp-json\/wp\/v2\/media?parent=817"}],"wp:term":[{"taxonomy":"thematic-scope","embeddable":true,"href":"https:\/\/staging.ace-cae.eu\/fr\/wp-json\/wp\/v2\/thematic-scope?post=817"}],"curies":[{"name":"wp","href":"https:\/\/api.w.org\/{rel}","templated":true}]}}