{"id":1060,"date":"2024-12-05T09:39:56","date_gmt":"2024-12-05T09:39:56","guid":{"rendered":"https:\/\/staging.ace-cae.eu\/?page_id=1060"},"modified":"2024-12-05T09:40:00","modified_gmt":"2024-12-05T09:40:00","slug":"projects","status":"publish","type":"page","link":"https:\/\/staging.ace-cae.eu\/ga\/projects\/","title":{"rendered":"Projects"},"content":{"rendered":"<div class=\"ace-section ace-section-projects wp-block-ace-articles\">\n    <header class=\"ace-section-header\">\n    <div>\n                <p>Chomh maith le cl\u00e1r Eoraip na Cruthaitheachta, glacann Comhairle Ailtir\u00ed na hEorpa p\u00e1irt ghn\u00edomhach i dtionscadail \u00e9ags\u00fala eile a fhaigheann maoini\u00fa \u00f3n Aontas. De ghn\u00e1th, is \u00e9 at\u00e1 i gceist le r\u00f3l ACE saineolas a chur ar f\u00e1il do chomhph\u00e1irtithe tionscadail agus na tortha\u00ed a scaipeadh tr\u00edna l\u00edonra fairsing comhalta\u00ed agus naisc idirn\u00e1isi\u00fanta.<\/p>\n        <p>F\u00e9ach leat na tionscadail at\u00e1 ann faoi l\u00e1thair<\/p>\n    <\/div>\n    <div class=\"ace-filters\" data-feed-type=\"projects\" data-list-selector=\".ace-projects-list\">\n    <ul class=\"ace-filters-selected\">\n    <\/ul>\n    <div class=\"ace-filters-inner\">\n        <label>Scag de r\u00e9ir<\/label>\n        <ul class=\"ace-filters-list\">\n                            <li data-value=\"status\" data-label=\"Status\">St\u00e1das                    <ul>\n                                                    <li data-value=\"ongoing\" data-label=\"Ongoing Projects\">Tionscadail at\u00e1 ar si\u00fal<\/li>\n                                                    <li data-value=\"past\" data-label=\"Past Projects\">Tionscadail a bh\u00ed ann roimhe seo<\/li>\n                                            <\/ul>\n                <\/li>\n                            <li data-value=\"topic\" data-label=\"Topic\">\u00c1bhar                    <ul>\n                                                    <li data-value=\"adaptive-architecture\" data-label=\"Adaptive architecture\">Ailtireacht oiri\u00fanaitheach<\/li>\n                                                    <li data-value=\"architecture-design-competition\" data-label=\"Architecture Design Competition\">Com\u00f3rtas Dearaidh Ailtireachta<\/li>\n                                                    <li data-value=\"digitalisation\" data-label=\"Digitalisation\">Digite\u00e1il<\/li>\n                                                    <li data-value=\"good-practices\" data-label=\"Good practices\">Dea-chleachtais<\/li>\n                                                    <li data-value=\"heritage\" data-label=\"heritage\">oidhreacht<\/li>\n                                                    <li data-value=\"high-quality-architecture\" data-label=\"High quality architecture\">Ailtireacht ardch\u00e1il\u00edochta<\/li>\n                                                    <li data-value=\"innovation\" data-label=\"Innovation\">Nu\u00e1la\u00edocht<\/li>\n                                                    <li data-value=\"new-european-bauhaus\" data-label=\"New European Bauhaus\">Bauhaus Eorpach Nua<\/li>\n                                                    <li data-value=\"sustainability\" data-label=\"sustainability\">inbhuanaitheacht<\/li>\n                                            <\/ul>\n                <\/li>\n                            <li data-value=\"thematic-scope\" data-label=\"Thematic Scope\">Raon feidhme T\u00e9amach                    <ul>\n                                                    <li data-value=\"achieving-quality-in-architecture-baukultur\" data-label=\"Achieving quality in Architecture \/ Baukultur\">C\u00e1il\u00edocht san Ailtireacht a bhaint amach\/Baukultur<\/li>\n                                                    <li data-value=\"practice-of-the-profession\" data-label=\"Practice of the Profession\">Cleachtas na Gairme<\/li>\n                                                    <li data-value=\"research-development\" data-label=\"Research &amp; Development\">Taighde agus Taighde; Forbairt<\/li>\n                                            <\/ul>\n                <\/li>\n                            <li data-value=\"date\" data-label=\"Date\">D\u00e1ta                    <ul>\n                                                    <li data-value=\"2025\" data-label=\"2025\">2025<\/li>\n                                                    <li data-value=\"2024\" data-label=\"2024\">2024<\/li>\n                                            <\/ul>\n                <\/li>\n                    <\/ul>\n    <\/div>\n<\/div><\/header>\n<div class=\"ace-projects\">\n    <div class=\"ace-projects-list\" data-article=\"0\">\n                        <a href=\"https:\/\/staging.ace-cae.eu\/ga\/projects\/heritace\/\">\r\n            <img decoding=\"async\" src=\"https:\/\/staging.ace-cae.eu\/wp-content\/uploads\/2024\/10\/heritace-cover-1484x820.webp\" alt=\"\" \/>\r\n        <div class=\"ace-project-info\">\r\n        <div class=\"ace-project-meta\">\r\n                            <p class=\"ace-project-date\">\r\n                                            T\u00daS: Ean\u00e1ir 20, 2024 \u2014 END: 23 Nollaig 2027                                    <\/p>\r\n                                        <img loading=\"lazy\" decoding=\"async\" src=\"https:\/\/staging.ace-cae.eu\/wp-content\/uploads\/2024\/10\/HeriTACE-99x76.png\" class=\"ace-project-logo\" width=\"145\" height=\"76\" \/>\r\n                    <\/div>\r\n        <h2>HeriTACE \u2014 Future-Proofing Heritage Townhouses by Optimising Comfort and Energy in Time and Space [Tithe Baile Oidhreachta a Chruth\u00fa Amach Anseo tr\u00edd an gCompord agus an Fuinneamh a bharrfheabhs\u00fa san Am agus sa Sp\u00e1s]<\/h2>\r\n        <h1>HeriTACE will deliver holistic solutions for authorities and architects to envision and govern a sustainable energy future for heritage townhouses in historical neighbourhoods.<\/h1>\r\n    <\/div>\r\n<\/a>                    <a href=\"https:\/\/staging.ace-cae.eu\/ga\/projects\/sonata-situation-aware-orchestration-of-adaptive-architecture\/\">\r\n            <img decoding=\"async\" src=\"https:\/\/staging.ace-cae.eu\/wp-content\/uploads\/2024\/10\/1500x500-1484x500.jpeg\" alt=\"\" \/>\r\n        <div class=\"ace-project-info\">\r\n        <div class=\"ace-project-meta\">\r\n                            <p class=\"ace-project-date\">\r\n                                            T\u00daS: 31 Ean\u00e1ir 2024 \u2014 END: 14 Nollaig 2027                                    <\/p>\r\n                                        <img loading=\"lazy\" decoding=\"async\" src=\"https:\/\/staging.ace-cae.eu\/wp-content\/uploads\/2024\/10\/SONATA-147x76.png\" class=\"ace-project-logo\" width=\"145\" height=\"76\" \/>\r\n                    <\/div>\r\n        <h2>SONATA \u2014 Ceolfhoireann na hAiltireachta Oiri\u00fana\u00ed at\u00e1 feasach ar an Staid<\/h2>\r\n        <h1>SONATA aims to develop architectural \u2018adaptive\u2019 technologies in workplaces to improve the mental health, well-being, productivity and social relationships of the employees.<\/h1>\r\n    <\/div>\r\n<\/a>                    <a href=\"https:\/\/staging.ace-cae.eu\/ga\/projects\/innovation-alliance-circular-design-cid\/\">\r\n            <img decoding=\"async\" src=\"https:\/\/staging.ace-cae.eu\/wp-content\/uploads\/2024\/10\/cid-1484x820.jpg\" alt=\"\" \/>\r\n        <div class=\"ace-project-info\">\r\n        <div class=\"ace-project-meta\">\r\n                            <p class=\"ace-project-date\">\r\n                                            T\u00daS: 12 I\u00fail 2023 \u2014 SNI: 5 L\u00fanasa 2026                                    <\/p>\r\n                                        <img loading=\"lazy\" decoding=\"async\" src=\"https:\/\/staging.ace-cae.eu\/wp-content\/uploads\/2024\/10\/CiD-72x76.png\" class=\"ace-project-logo\" width=\"145\" height=\"76\" \/>\r\n                    <\/div>\r\n        <h2>Dearadh Ciorclach na Comhghuaill\u00edochta Nu\u00e1la\u00edochta \u2014 CiD<\/h2>\r\n        <h1>CiD develops innovation in Circular Design education by fostering entrepreneurship in academia, with an accelerator programme for students&#8217; start-ups and continuing education courses to upskill in emerging labour market.<\/h1>\r\n    <\/div>\r\n<\/a>                    <a href=\"https:\/\/staging.ace-cae.eu\/ga\/projects\/arch-e-the-european-platform-for-architectural-design-competitions\/\">\r\n            <img decoding=\"async\" src=\"https:\/\/staging.ace-cae.eu\/wp-content\/uploads\/2024\/10\/1500x500-1-1484x500.jpeg\" alt=\"\" \/>\r\n        <div class=\"ace-project-info\">\r\n        <div class=\"ace-project-meta\">\r\n                            <p class=\"ace-project-date\">\r\n                                            T\u00daS: 4 Feabhra 2023 \u2014 END: 24 Ean\u00e1ir 2026                                    <\/p>\r\n                                        <img loading=\"lazy\" decoding=\"async\" src=\"https:\/\/staging.ace-cae.eu\/wp-content\/uploads\/2024\/10\/ARCH-E-159x76.png\" class=\"ace-project-logo\" width=\"145\" height=\"76\" \/>\r\n                    <\/div>\r\n        <h2>ARCH-E: An tArd\u00e1n Eorpach do Chom\u00f3rtais Dearaidh Ailtireachta\u00a0<\/h2>\r\n        <h1>Its main objective is to promote high-quality architectural solutions for the built environment by increasing the use of architectural design competitions (ADC) in Europe.<\/h1>\r\n    <\/div>\r\n<\/a>                    <a href=\"https:\/\/staging.ace-cae.eu\/ga\/projects\/new-european-bauhaus-unlocked-through-built4people-b4p-endorsed-local-action\/\">\r\n            <img decoding=\"async\" src=\"https:\/\/staging.ace-cae.eu\/wp-content\/uploads\/2024\/10\/match-making.jpg\" alt=\"\" \/>\r\n        <div class=\"ace-project-info\">\r\n        <div class=\"ace-project-meta\">\r\n                            <p class=\"ace-project-date\">\r\n                                            START: October 11, 2022                                                                &#8211; END: March 2, 2025                                    <\/p>\r\n                                        <img loading=\"lazy\" decoding=\"async\" src=\"https:\/\/staging.ace-cae.eu\/wp-content\/uploads\/2024\/10\/NEBULA-149x76.jpg\" class=\"ace-project-logo\" width=\"145\" height=\"76\" \/>\r\n                    <\/div>\r\n        <h2>New European Bauhaus Unlocked through Built4People (B4P)-endorsed Local Action<\/h2>\r\n        <h1>NEBULA project build-up from the work developed at Built4People (B4P) partnership. The European partnership under<\/h1>\r\n    <\/div>\r\n<\/a>                    <a href=\"https:\/\/staging.ace-cae.eu\/ga\/projects\/accord\/\">\r\n            <img decoding=\"async\" src=\"https:\/\/staging.ace-cae.eu\/wp-content\/uploads\/2024\/10\/1500x500-2-1484x500.jpeg\" alt=\"\" \/>\r\n        <div class=\"ace-project-info\">\r\n        <div class=\"ace-project-meta\">\r\n                            <p class=\"ace-project-date\">\r\n                                            START: September 11, 2022                                                                &#8211; END: August 11, 2025                                    <\/p>\r\n                                        <img loading=\"lazy\" decoding=\"async\" src=\"https:\/\/staging.ace-cae.eu\/wp-content\/uploads\/2024\/10\/ACCORD-175x76.jpg\" class=\"ace-project-logo\" width=\"145\" height=\"76\" \/>\r\n                    <\/div>\r\n        <h2>ACCORD<\/h2>\r\n        <h1>Cead agus comhl\u00edonadh foirgneamh digitithe tr\u00ed \u00fas\u00e1id a bhaint as BIM chun t\u00e1irgi\u00falacht agus c\u00e1il\u00edocht an dearaidh a fheabhs\u00fa<\/h1>\r\n    <\/div>\r\n<\/a>                    <a href=\"https:\/\/staging.ace-cae.eu\/ga\/projects\/arv\/\">\r\n            <img decoding=\"async\" src=\"https:\/\/staging.ace-cae.eu\/wp-content\/uploads\/2024\/10\/arv-1484x500.jpeg\" alt=\"\" \/>\r\n        <div class=\"ace-project-info\">\r\n        <div class=\"ace-project-meta\">\r\n                            <p class=\"ace-project-date\">\r\n                                            START: January 12, 2022                                                                &#8211; END: December 7, 2025                                    <\/p>\r\n                                        <img loading=\"lazy\" decoding=\"async\" src=\"https:\/\/staging.ace-cae.eu\/wp-content\/uploads\/2024\/10\/ARV-205x61.jpg\" class=\"ace-project-logo\" width=\"145\" height=\"76\" \/>\r\n                    <\/div>\r\n        <h2>ARV<\/h2>\r\n        <h1>ARV is a H2020 EU-funded project aiming at creating Climate Positive Circular Communities (CPCC) in<\/h1>\r\n    <\/div>\r\n<\/a>                    <a href=\"https:\/\/staging.ace-cae.eu\/ga\/projects\/cultural-e\/\">\r\n            <img decoding=\"async\" src=\"https:\/\/staging.ace-cae.eu\/wp-content\/uploads\/2024\/10\/09_The_Gardens_photo_Fowelin_cyan_home-1484x820.png\" alt=\"\" \/>\r\n        <div class=\"ace-project-info\">\r\n        <div class=\"ace-project-meta\">\r\n                            <p class=\"ace-project-date\">\r\n                                            START: October 23, 2019                                                                &#8211; END: March 15, 2025                                    <\/p>\r\n                                        <img loading=\"lazy\" decoding=\"async\" src=\"https:\/\/staging.ace-cae.eu\/wp-content\/uploads\/2024\/10\/Cultural-E-145x76.png\" class=\"ace-project-logo\" width=\"145\" height=\"76\" \/>\r\n                    <\/div>\r\n        <h2>Cult\u00far-E<\/h2>\r\n        <h1>T\u00e9ann Cult\u00far-E c\u00e9im n\u00edos faide n\u00e1 Foirgnimh nach m\u00f3r neodrach \u00f3 thaobh fuinnimh (nZEBanna) i dtreo thodhcha\u00ed Plus<\/h1>\r\n    <\/div>\r\n<\/a>                    <\/div>\n    <nav class=\"ace-projects-nav\">\n        <a href=\"#\" class=\"ace-nav-prev\"><\/a>\n        <a href=\"#\" class=\"ace-nav-next\"><\/a>\n    <\/nav>\n<\/div>\n            <div class=\"ace-section-actions\">\n                                                                <button\n                        class=\"ace-load-more\"\n                        data-page-count=\"2\"\n                        data-feed-type=\"projects\"\n                        data-showposts=\"8\"\n                        data-list-selector=\".ace-projects-list\"\n                    >\n                        N\u00edos m\u00f3\n                    <\/button>\n                            \n                    <\/div>\n    <\/div>","protected":false},"excerpt":{"rendered":"","protected":false},"author":4,"featured_media":0,"parent":0,"menu_order":0,"comment_status":"closed","ping_status":"closed","template":"","meta":{"inline_featured_image":false,"footnotes":""},"thematic-scope":[],"class_list":["post-1060","page","type-page","status-publish","hentry"],"yoast_head":"<!-- This site is optimized with the Yoast SEO Premium plugin v23.8 (Yoast SEO v23.7) - https:\/\/yoast.com\/wordpress\/plugins\/seo\/ -->\n<title>Projects - Architects&#039; Council of Europe<\/title>\n<meta name=\"robots\" content=\"noindex, follow, max-snippet:-1, max-image-preview:large, max-video-preview:-1\" \/>\n<meta property=\"og:locale\" content=\"ga_IE\" \/>\n<meta property=\"og:type\" content=\"article\" \/>\n<meta property=\"og:title\" content=\"Projects - Architects&#039; Council of Europe\" \/>\n<meta property=\"og:url\" content=\"https:\/\/staging.ace-cae.eu\/ga\/projects\/\" \/>\n<meta property=\"og:site_name\" content=\"Architects&#039; Council of Europe\" \/>\n<meta property=\"article:modified_time\" content=\"2024-12-05T09:40:00+00:00\" \/>\n<meta name=\"twitter:card\" content=\"summary_large_image\" \/>\n<script type=\"application\/ld+json\" class=\"yoast-schema-graph\">{\"@context\":\"https:\/\/schema.org\",\"@graph\":[{\"@type\":\"WebPage\",\"@id\":\"https:\/\/staging.ace-cae.eu\/projects\/\",\"url\":\"https:\/\/staging.ace-cae.eu\/projects\/\",\"name\":\"Projects - Architects&#039; Council of Europe\",\"isPartOf\":{\"@id\":\"https:\/\/staging.ace-cae.eu\/#website\"},\"datePublished\":\"2024-12-05T09:39:56+00:00\",\"dateModified\":\"2024-12-05T09:40:00+00:00\",\"breadcrumb\":{\"@id\":\"https:\/\/staging.ace-cae.eu\/projects\/#breadcrumb\"},\"inLanguage\":\"ga-IE\",\"potentialAction\":[{\"@type\":\"ReadAction\",\"target\":[\"https:\/\/staging.ace-cae.eu\/projects\/\"]}]},{\"@type\":\"BreadcrumbList\",\"@id\":\"https:\/\/staging.ace-cae.eu\/projects\/#breadcrumb\",\"itemListElement\":[{\"@type\":\"ListItem\",\"position\":1,\"name\":\"Home\",\"item\":\"https:\/\/staging.ace-cae.eu\/\"},{\"@type\":\"ListItem\",\"position\":2,\"name\":\"Projects\"}]},{\"@type\":\"WebSite\",\"@id\":\"https:\/\/staging.ace-cae.eu\/#website\",\"url\":\"https:\/\/staging.ace-cae.eu\/\",\"name\":\"Architects&#039; Council of Europe\",\"description\":\"High-quality architecture and living environments for all.\",\"potentialAction\":[{\"@type\":\"SearchAction\",\"target\":{\"@type\":\"EntryPoint\",\"urlTemplate\":\"https:\/\/staging.ace-cae.eu\/?s={search_term_string}\"},\"query-input\":{\"@type\":\"PropertyValueSpecification\",\"valueRequired\":true,\"valueName\":\"search_term_string\"}}],\"inLanguage\":\"ga-IE\"}]}<\/script>\n<!-- \/ Yoast SEO Premium plugin. -->","yoast_head_json":{"title":"Projects - Architects&#039; Council of Europe","robots":{"index":"noindex","follow":"follow","max-snippet":"max-snippet:-1","max-image-preview":"max-image-preview:large","max-video-preview":"max-video-preview:-1"},"og_locale":"ga_IE","og_type":"article","og_title":"Projects - Architects&#039; Council of Europe","og_url":"https:\/\/staging.ace-cae.eu\/ga\/projects\/","og_site_name":"Architects&#039; Council of Europe","article_modified_time":"2024-12-05T09:40:00+00:00","twitter_card":"summary_large_image","schema":{"@context":"https:\/\/schema.org","@graph":[{"@type":"WebPage","@id":"https:\/\/staging.ace-cae.eu\/projects\/","url":"https:\/\/staging.ace-cae.eu\/projects\/","name":"Projects - Architects&#039; Council of Europe","isPartOf":{"@id":"https:\/\/staging.ace-cae.eu\/#website"},"datePublished":"2024-12-05T09:39:56+00:00","dateModified":"2024-12-05T09:40:00+00:00","breadcrumb":{"@id":"https:\/\/staging.ace-cae.eu\/projects\/#breadcrumb"},"inLanguage":"ga-IE","potentialAction":[{"@type":"ReadAction","target":["https:\/\/staging.ace-cae.eu\/projects\/"]}]},{"@type":"BreadcrumbList","@id":"https:\/\/staging.ace-cae.eu\/projects\/#breadcrumb","itemListElement":[{"@type":"ListItem","position":1,"name":"Home","item":"https:\/\/staging.ace-cae.eu\/"},{"@type":"ListItem","position":2,"name":"Projects"}]},{"@type":"WebSite","@id":"https:\/\/staging.ace-cae.eu\/#website","url":"https:\/\/staging.ace-cae.eu\/","name":"Architects&#039; Council of Europe","description":"High-quality architecture and living environments for all.","potentialAction":[{"@type":"SearchAction","target":{"@type":"EntryPoint","urlTemplate":"https:\/\/staging.ace-cae.eu\/?s={search_term_string}"},"query-input":{"@type":"PropertyValueSpecification","valueRequired":true,"valueName":"search_term_string"}}],"inLanguage":"ga-IE"}]}},"_links":{"self":[{"href":"https:\/\/staging.ace-cae.eu\/ga\/wp-json\/wp\/v2\/pages\/1060","targetHints":{"allow":["GET"]}}],"collection":[{"href":"https:\/\/staging.ace-cae.eu\/ga\/wp-json\/wp\/v2\/pages"}],"about":[{"href":"https:\/\/staging.ace-cae.eu\/ga\/wp-json\/wp\/v2\/types\/page"}],"author":[{"embeddable":true,"href":"https:\/\/staging.ace-cae.eu\/ga\/wp-json\/wp\/v2\/users\/4"}],"replies":[{"embeddable":true,"href":"https:\/\/staging.ace-cae.eu\/ga\/wp-json\/wp\/v2\/comments?post=1060"}],"version-history":[{"count":0,"href":"https:\/\/staging.ace-cae.eu\/ga\/wp-json\/wp\/v2\/pages\/1060\/revisions"}],"wp:attachment":[{"href":"https:\/\/staging.ace-cae.eu\/ga\/wp-json\/wp\/v2\/media?parent=1060"}],"wp:term":[{"taxonomy":"thematic-scope","embeddable":true,"href":"https:\/\/staging.ace-cae.eu\/ga\/wp-json\/wp\/v2\/thematic-scope?post=1060"}],"curies":[{"name":"wp","href":"https:\/\/api.w.org\/{rel}","templated":true}]}}