{"id":1100,"date":"2024-12-05T11:29:41","date_gmt":"2024-12-05T11:29:41","guid":{"rendered":"https:\/\/staging.ace-cae.eu\/?page_id=1100"},"modified":"2024-12-05T11:29:42","modified_gmt":"2024-12-05T11:29:42","slug":"publications","status":"publish","type":"page","link":"https:\/\/staging.ace-cae.eu\/ro\/publications\/","title":{"rendered":"Publica\u021bii"},"content":{"rendered":"<div class=\"ace-section ace-section-publications wp-block-ace-articles\">\n    \n<header class=\"ace-section-header\">\n    <h1>Publicarea<\/h1>\n    <div class=\"ace-filters\" data-feed-type=\"publications\" data-list-selector=\".ace-publications-list\">\n    <ul class=\"ace-filters-selected\">\n    <\/ul>\n    <div class=\"ace-filters-inner\">\n        <label>Filtra\u021bi dup\u0103<\/label>\n        <ul class=\"ace-filters-list\">\n                            <li data-value=\"category\" data-label=\"Category\">Categorie                    <ul>\n                                                    <li data-value=\"ace-publications\" data-label=\"ACE Publications\">Publica\u021bii ACE<\/li>\n                                                    <li data-value=\"davos-baukultur\" data-label=\"Davos Baukultur\">Davos Baukultur<\/li>\n                                                    <li data-value=\"eu-publications\" data-label=\"EU publications\">Publica\u021biile UE<\/li>\n                                            <\/ul>\n                <\/li>\n                            <li data-value=\"topic\" data-label=\"Topic\">Tem\u0103                    <ul>\n                                                    <li data-value=\"ai\" data-label=\"A.I- Artificial Intelligence\">A.I. - Inteligen\u021ba artificial\u0103<\/li>\n                                                    <li data-value=\"annual-report\" data-label=\"Annual report\">Raportul anual<\/li>\n                                                    <li data-value=\"architectural-policy\" data-label=\"Architectural policy\">Politic\u0103 arhitectural\u0103<\/li>\n                                                    <li data-value=\"architecture-design-competition-adc\" data-label=\"Architecture Design Competition -ADC\">Concursul de Design de Arhitectur\u0103 -ADC<\/li>\n                                                    <li data-value=\"awards\" data-label=\"Awards\">Premii<\/li>\n                                                    <li data-value=\"bim\" data-label=\"BIM\">BIM<\/li>\n                                                    <li data-value=\"design-governance-processes\" data-label=\"Design governance processes\">Proiectarea proceselor de guvernan\u021b\u0103<\/li>\n                                                    <li data-value=\"digitalisation\" data-label=\"Digitalisation\">Digitalizarea<\/li>\n                                                    <li data-value=\"edi\" data-label=\"Equality, diversity and inclusion - EDI\">Egalitate, diversitate \u0219i incluziune \u2013 EDI<\/li>\n                                                    <li data-value=\"eu-policies\" data-label=\"EU policies\">Politicile UE<\/li>\n                                                    <li data-value=\"export\" data-label=\"Export\">Export<\/li>\n                                                    <li data-value=\"good-practices\" data-label=\"Good practices\">Bune practici<\/li>\n                                                    <li data-value=\"gouvernance\" data-label=\"Gouvernance\">Guvernan\u021ba<\/li>\n                                                    <li data-value=\"high-quality-architecture\" data-label=\"High quality architecture\">Arhitectur\u0103 de \u00eenalt\u0103 calitate<\/li>\n                                                    <li data-value=\"international-collaboration\" data-label=\"International collaboration\">Colaborare interna\u021bional\u0103<\/li>\n                                                    <li data-value=\"legal-framework\" data-label=\"Legal framework\">Cadrul juridic<\/li>\n                                                    <li data-value=\"new-business-models\" data-label=\"New business models\">Noi modele de afaceri<\/li>\n                                                    <li data-value=\"new-european-bauhaus\" data-label=\"New European Bauhaus\">Noul Bauhaus european<\/li>\n                                                    <li data-value=\"public-procurement\" data-label=\"public procurement\">public procurement<\/li>\n                                                    <li data-value=\"sector-study\" data-label=\"Sector study\">Studiu sectorial<\/li>\n                                                    <li data-value=\"sustainability\" data-label=\"Sustainability\">Sustenabilitate<\/li>\n                                                    <li data-value=\"values\" data-label=\"Value\">Valoare<\/li>\n                                            <\/ul>\n                <\/li>\n                            <li data-value=\"thematic-scope\" data-label=\"Thematic Scope\">Domeniul de aplicare tematic                    <ul>\n                                                    <li data-value=\"access-to-the-profession\" data-label=\"Access to the Profession\">Accesul la profesie<\/li>\n                                                    <li data-value=\"achieving-quality-in-architecture-baukultur\" data-label=\"Achieving quality in Architecture \/ Baukultur\">Ob\u021binerea calit\u0103\u021bii \u00een arhitectur\u0103 \/ Baukultur<\/li>\n                                                    <li data-value=\"practice-of-the-profession\" data-label=\"Practice of the Profession\">Practica profesiei<\/li>\n                                                    <li data-value=\"research-development\" data-label=\"Research &amp; Development\">Cercetare &amp; Amplificare; Dezvoltare<\/li>\n                                            <\/ul>\n                <\/li>\n                            <li data-value=\"date\" data-label=\"Date\">Data                    <ul>\n                                                    <li data-value=\"2025\" data-label=\"2025\">2025<\/li>\n                                                    <li data-value=\"2024\" data-label=\"2024\">2024<\/li>\n                                                    <li data-value=\"2023\" data-label=\"2023\">2023<\/li>\n                                                    <li data-value=\"2022\" data-label=\"2022\">2022<\/li>\n                                                    <li data-value=\"2021\" data-label=\"2021\">2021<\/li>\n                                                    <li data-value=\"2020\" data-label=\"2020\">2020<\/li>\n                                                    <li data-value=\"2019\" data-label=\"2019\">2019<\/li>\n                                                    <li data-value=\"2018\" data-label=\"2018\">2018<\/li>\n                                            <\/ul>\n                <\/li>\n                    <\/ul>\n    <\/div>\n<\/div><\/header>\n<div class=\"ace-publications\">\n    <div class=\"ace-publications-list\" data-article=\"0\">\n                            \r\n<a href=\"https:\/\/staging.ace-cae.eu\/ro\/publication\/2791\/\">\r\n            <img decoding=\"async\" src=\"https:\/\/staging.ace-cae.eu\/wp-content\/uploads\/2025\/09\/ACE_ArchAwards_Cover-1-466x659.jpg\" alt=\"\" \/>\r\n        <div class=\"ace-publication-info\">\r\n        <h3>Publica\u021bii ACE<\/h3>\r\n        <h1>Architecture Awards as Instruments of Systemic Change<\/h1>\r\n        <p>The report demonstrates how architectural awards can serve as catalysts for scaling up excellence\u2014while addressing&hellip;<\/p>\r\n        <p class=\"ace-meta-date\">\r\n            September 23, 2025                    <\/p>\r\n    <\/div>\r\n<\/a>                    \r\n<a href=\"https:\/\/staging.ace-cae.eu\/ro\/publication\/market-potential-of-offsite-construction-for-housing-supply\/\">\r\n            <img decoding=\"async\" src=\"https:\/\/staging.ace-cae.eu\/wp-content\/uploads\/2025\/07\/market20potential20of20offsite20construction20for20housing-ET0125129ENN_Page_01-466x659.jpg\" alt=\"\" \/>\r\n        <div class=\"ace-publication-info\">\r\n        <h3>Publica\u021biile UE<\/h3>\r\n        <h1>Market potential of offsite construction for housing supply<\/h1>\r\n        <p>The adoption of offsite construction in the EU is gradually increasing, particularly in Northern and<\/p>\r\n        <p class=\"ace-meta-date\">\r\n            July 8, 2025                    <\/p>\r\n    <\/div>\r\n<\/a>                    \r\n<a href=\"https:\/\/staging.ace-cae.eu\/ro\/publication\/a-view-from-above-april-edition\/\">\r\n            <img decoding=\"async\" src=\"https:\/\/staging.ace-cae.eu\/wp-content\/uploads\/2025\/06\/Social-Post-1-466x593.jpg\" alt=\"\" \/>\r\n        <div class=\"ace-publication-info\">\r\n        <h3>Publica\u021bii ACE<\/h3>\r\n        <h1>A view from Above &#8211; April edition<\/h1>\r\n        <p>Developed by ACE\u2019s Public Procurement &#038; Architectural Design Competition Work Group (PP\/ADC WG) and compiled&hellip;<\/p>\r\n        <p class=\"ace-meta-date\">\r\n            June 2, 2025                    <\/p>\r\n    <\/div>\r\n<\/a>                    \r\n<a href=\"https:\/\/staging.ace-cae.eu\/ro\/publication\/revised-2nd-edition-of-the-ace-study-on-architectural-policies-in-europe\/\">\r\n            <img decoding=\"async\" src=\"https:\/\/staging.ace-cae.eu\/wp-content\/uploads\/2025\/05\/ACE_Architecture_Policies_Europe_2025_Page_001-466x577.jpg\" alt=\"\" \/>\r\n        <div class=\"ace-publication-info\">\r\n        <h3>Publica\u021bii ACE<\/h3>\r\n        <h1>Revised 2nd Edition of the ACE Study on Architectural Policies in Europe<\/h1>\r\n        <p>The Architects\u2019 Council of Europe is pleased to announce the release of the revised 2nd<\/p>\r\n        <p class=\"ace-meta-date\">\r\n            May 27, 2025                    <\/p>\r\n    <\/div>\r\n<\/a>                    <\/div>\n    <nav class=\"ace-publications-nav\">\n        <a href=\"#\" class=\"ace-nav-prev\"><\/a>\n        <a href=\"#\" class=\"ace-nav-next\"><\/a>\n    <\/nav>\n<\/div>\n            <div class=\"ace-section-actions\">\n                                                                <button\n                        class=\"ace-load-more\"\n                        data-page-count=\"5\"\n                        data-feed-type=\"publications\"\n                        data-showposts=\"8\"\n                        data-list-selector=\".ace-publications-list\"\n                    >\n                        \u00ceNC\u0102RCARE MAI MULTE\n                    <\/button>\n                            \n                    <\/div>\n    <\/div>","protected":false},"excerpt":{"rendered":"","protected":false},"author":4,"featured_media":0,"parent":0,"menu_order":0,"comment_status":"closed","ping_status":"closed","template":"","meta":{"inline_featured_image":false,"footnotes":""},"thematic-scope":[],"class_list":["post-1100","page","type-page","status-publish","hentry"],"yoast_head":"<!-- This site is optimized with the Yoast SEO Premium plugin v23.8 (Yoast SEO v23.7) - https:\/\/yoast.com\/wordpress\/plugins\/seo\/ -->\n<title>Publications - Architects&#039; Council of Europe<\/title>\n<meta name=\"robots\" content=\"noindex, follow, max-snippet:-1, max-image-preview:large, max-video-preview:-1\" \/>\n<meta property=\"og:locale\" content=\"ro_RO\" \/>\n<meta property=\"og:type\" content=\"article\" \/>\n<meta property=\"og:title\" content=\"Publications - Architects&#039; Council of Europe\" \/>\n<meta property=\"og:url\" content=\"https:\/\/staging.ace-cae.eu\/ro\/publications\/\" \/>\n<meta property=\"og:site_name\" content=\"Architects&#039; Council of Europe\" \/>\n<meta property=\"article:modified_time\" content=\"2024-12-05T11:29:42+00:00\" \/>\n<meta name=\"twitter:card\" content=\"summary_large_image\" \/>\n<script type=\"application\/ld+json\" class=\"yoast-schema-graph\">{\"@context\":\"https:\/\/schema.org\",\"@graph\":[{\"@type\":\"WebPage\",\"@id\":\"https:\/\/staging.ace-cae.eu\/publications\/\",\"url\":\"https:\/\/staging.ace-cae.eu\/publications\/\",\"name\":\"Publications - Architects&#039; Council of Europe\",\"isPartOf\":{\"@id\":\"https:\/\/staging.ace-cae.eu\/#website\"},\"datePublished\":\"2024-12-05T11:29:41+00:00\",\"dateModified\":\"2024-12-05T11:29:42+00:00\",\"breadcrumb\":{\"@id\":\"https:\/\/staging.ace-cae.eu\/publications\/#breadcrumb\"},\"inLanguage\":\"ro-RO\",\"potentialAction\":[{\"@type\":\"ReadAction\",\"target\":[\"https:\/\/staging.ace-cae.eu\/publications\/\"]}]},{\"@type\":\"BreadcrumbList\",\"@id\":\"https:\/\/staging.ace-cae.eu\/publications\/#breadcrumb\",\"itemListElement\":[{\"@type\":\"ListItem\",\"position\":1,\"name\":\"Home\",\"item\":\"https:\/\/staging.ace-cae.eu\/\"},{\"@type\":\"ListItem\",\"position\":2,\"name\":\"Publications\"}]},{\"@type\":\"WebSite\",\"@id\":\"https:\/\/staging.ace-cae.eu\/#website\",\"url\":\"https:\/\/staging.ace-cae.eu\/\",\"name\":\"Architects&#039; Council of Europe\",\"description\":\"High-quality architecture and living environments for all.\",\"potentialAction\":[{\"@type\":\"SearchAction\",\"target\":{\"@type\":\"EntryPoint\",\"urlTemplate\":\"https:\/\/staging.ace-cae.eu\/?s={search_term_string}\"},\"query-input\":{\"@type\":\"PropertyValueSpecification\",\"valueRequired\":true,\"valueName\":\"search_term_string\"}}],\"inLanguage\":\"ro-RO\"}]}<\/script>\n<!-- \/ Yoast SEO Premium plugin. -->","yoast_head_json":{"title":"Publications - Architects&#039; Council of Europe","robots":{"index":"noindex","follow":"follow","max-snippet":"max-snippet:-1","max-image-preview":"max-image-preview:large","max-video-preview":"max-video-preview:-1"},"og_locale":"ro_RO","og_type":"article","og_title":"Publications - Architects&#039; Council of Europe","og_url":"https:\/\/staging.ace-cae.eu\/ro\/publications\/","og_site_name":"Architects&#039; Council of Europe","article_modified_time":"2024-12-05T11:29:42+00:00","twitter_card":"summary_large_image","schema":{"@context":"https:\/\/schema.org","@graph":[{"@type":"WebPage","@id":"https:\/\/staging.ace-cae.eu\/publications\/","url":"https:\/\/staging.ace-cae.eu\/publications\/","name":"Publications - Architects&#039; Council of Europe","isPartOf":{"@id":"https:\/\/staging.ace-cae.eu\/#website"},"datePublished":"2024-12-05T11:29:41+00:00","dateModified":"2024-12-05T11:29:42+00:00","breadcrumb":{"@id":"https:\/\/staging.ace-cae.eu\/publications\/#breadcrumb"},"inLanguage":"ro-RO","potentialAction":[{"@type":"ReadAction","target":["https:\/\/staging.ace-cae.eu\/publications\/"]}]},{"@type":"BreadcrumbList","@id":"https:\/\/staging.ace-cae.eu\/publications\/#breadcrumb","itemListElement":[{"@type":"ListItem","position":1,"name":"Home","item":"https:\/\/staging.ace-cae.eu\/"},{"@type":"ListItem","position":2,"name":"Publications"}]},{"@type":"WebSite","@id":"https:\/\/staging.ace-cae.eu\/#website","url":"https:\/\/staging.ace-cae.eu\/","name":"Architects&#039; Council of Europe","description":"High-quality architecture and living environments for all.","potentialAction":[{"@type":"SearchAction","target":{"@type":"EntryPoint","urlTemplate":"https:\/\/staging.ace-cae.eu\/?s={search_term_string}"},"query-input":{"@type":"PropertyValueSpecification","valueRequired":true,"valueName":"search_term_string"}}],"inLanguage":"ro-RO"}]}},"_links":{"self":[{"href":"https:\/\/staging.ace-cae.eu\/ro\/wp-json\/wp\/v2\/pages\/1100","targetHints":{"allow":["GET"]}}],"collection":[{"href":"https:\/\/staging.ace-cae.eu\/ro\/wp-json\/wp\/v2\/pages"}],"about":[{"href":"https:\/\/staging.ace-cae.eu\/ro\/wp-json\/wp\/v2\/types\/page"}],"author":[{"embeddable":true,"href":"https:\/\/staging.ace-cae.eu\/ro\/wp-json\/wp\/v2\/users\/4"}],"replies":[{"embeddable":true,"href":"https:\/\/staging.ace-cae.eu\/ro\/wp-json\/wp\/v2\/comments?post=1100"}],"version-history":[{"count":0,"href":"https:\/\/staging.ace-cae.eu\/ro\/wp-json\/wp\/v2\/pages\/1100\/revisions"}],"wp:attachment":[{"href":"https:\/\/staging.ace-cae.eu\/ro\/wp-json\/wp\/v2\/media?parent=1100"}],"wp:term":[{"taxonomy":"thematic-scope","embeddable":true,"href":"https:\/\/staging.ace-cae.eu\/ro\/wp-json\/wp\/v2\/thematic-scope?post=1100"}],"curies":[{"name":"wp","href":"https:\/\/api.w.org\/{rel}","templated":true}]}}